{"id":41,"date":"2022-12-19T02:32:45","date_gmt":"2022-12-19T02:32:45","guid":{"rendered":"https:\/\/gaviaspreview.com\/wp\/boliin\/?page_id=41"},"modified":"2026-02-02T12:25:13","modified_gmt":"2026-02-02T09:25:13","slug":"gezkesfet-ve-eglen","status":"publish","type":"page","link":"https:\/\/moreakaleici.com\/en\/gezkesfet-ve-eglen\/","title":{"rendered":"Gez,Ke\u015ffet ve E\u011flen"},"content":{"rendered":"\t\t<div data-elementor-type=\"wp-page\" data-elementor-id=\"41\" class=\"elementor elementor-41\">\n\t\t\t\t\t\t<section class=\"elementor-section elementor-top-section elementor-element elementor-element-0595487 elementor-section-boxed elementor-section-height-default elementor-section-height-default\" data-id=\"0595487\" data-element_type=\"section\" data-settings=\"{&quot;background_background&quot;:&quot;classic&quot;}\">\n\t\t\t\t\t\t<div class=\"elementor-container elementor-column-gap-default\">\n\t\t\t\t\t<div class=\"elementor-column elementor-col-50 elementor-top-column elementor-element elementor-element-4a68c55\" data-id=\"4a68c55\" data-element_type=\"column\">\n\t\t\t<div class=\"elementor-widget-wrap elementor-element-populated\">\n\t\t\t\t\t\t<div class=\"elementor-element elementor-element-4f31c2e elementor-widget elementor-widget-gva-heading-block\" data-id=\"4f31c2e\" data-element_type=\"widget\" data-settings=\"{&quot;_animation&quot;:&quot;none&quot;}\" data-widget_type=\"gva-heading-block.default\">\n\t\t\t\t<div class=\"elementor-widget-container\">\n\t\t\t\t\t<div class=\"gva-element-gva-heading-block gva-element\">   <div class=\"align-left style-1 widget gsc-heading box-align-left auto-responsive\">\r\n      <div class=\"content-inner\">\r\n         \r\n                  \r\n         <div class=\"sub-title\"><span class=\"tagline\">What\u2019s Around Us?<\/span><\/div>  \r\n         \r\n                     <h2 class=\"title\">\r\n               <span>Travel, Explore, and Have Fun!<\/span>\r\n            <\/h2>\r\n                  \r\n         \r\n         \r\n      <\/div>\r\n   <\/div>\r\n<\/div>\t\t\t\t<\/div>\n\t\t\t\t<\/div>\n\t\t\t\t<div class=\"elementor-element elementor-element-44c4888 elementor-widget elementor-widget-text-editor\" data-id=\"44c4888\" data-element_type=\"widget\" data-widget_type=\"text-editor.default\">\n\t\t\t\t<div class=\"elementor-widget-container\">\n\t\t\t\t\t\t\t\t\t<p>Kalei\u00e7i is surrounded by horseshoe-shaped inner and outer walls, a large part of which has been destroyed and lost over time. These walls are a collective work of the Hellenistic, Roman, Byzantine, Seljuk, and Ottoman periods. The walls feature 80 towers. Inside the walls, there are approximately 3,000 houses with tiled roofs. The characteristic structures of these houses not only provide insight into Antalya&#8217;s architectural history but also perfectly reflect the lifestyle, traditions, and customs of the region.<\/p><p>You are staying in the heart of Kalei\u00e7i. There is so much to do around us! We have prepared a short list so you can reach them easily. Here are the places you can access with ease:<\/p>\t\t\t\t\t\t\t\t<\/div>\n\t\t\t\t<\/div>\n\t\t\t\t\t<\/div>\n\t\t<\/div>\n\t\t\t\t<div class=\"elementor-column elementor-col-50 elementor-top-column elementor-element elementor-element-907cda4\" data-id=\"907cda4\" data-element_type=\"column\">\n\t\t\t<div class=\"elementor-widget-wrap elementor-element-populated\">\n\t\t\t\t\t\t<div class=\"elementor-element elementor-element-9a26731 elementor-widget elementor-widget-image\" data-id=\"9a26731\" data-element_type=\"widget\" data-widget_type=\"image.default\">\n\t\t\t\t<div class=\"elementor-widget-container\">\n\t\t\t\t\t\t\t\t\t\t\t\t\t\t\t<img fetchpriority=\"high\" decoding=\"async\" width=\"520\" height=\"578\" src=\"https:\/\/moreakaleici.com\/en\/wp-content\/uploads\/2025\/02\/hotel-oldtown-ankara.jpg\" class=\"attachment-full size-full wp-image-704\" alt=\"\" \/>\t\t\t\t\t\t\t\t\t\t\t\t\t\t\t<\/div>\n\t\t\t\t<\/div>\n\t\t\t\t\t<\/div>\n\t\t<\/div>\n\t\t\t\t\t<\/div>\n\t\t<\/section>\n\t\t\t\t<section class=\"elementor-section elementor-top-section elementor-element elementor-element-3e27d00 elementor-section-boxed elementor-section-height-default elementor-section-height-default\" data-id=\"3e27d00\" data-element_type=\"section\">\n\t\t\t\t\t\t<div class=\"elementor-container elementor-column-gap-default\">\n\t\t\t\t\t<div class=\"elementor-column elementor-col-100 elementor-top-column elementor-element elementor-element-9854f15\" data-id=\"9854f15\" data-element_type=\"column\">\n\t\t\t<div class=\"elementor-widget-wrap elementor-element-populated\">\n\t\t\t\t\t\t<div class=\"elementor-element elementor-element-a31bb39 elementor-widget elementor-widget-text-editor\" data-id=\"a31bb39\" data-element_type=\"widget\" data-widget_type=\"text-editor.default\">\n\t\t\t\t<div class=\"elementor-widget-container\">\n\t\t\t\t\t\t\t\t\t<div style=\"width: 100%; background: #fff; box-shadow: 0 0 10px rgba(0, 0, 0, 0.1);\">\n<div style=\"display: flex; justify-content: space-between; align-items: center; padding: 15px; border-bottom: 1px solid #ddd;\"><span style=\"flex: 1; text-align: left; font-weight: bold; font-style: italic; color: #003768;\">Mermerli Beach<\/span>\n<span style=\"flex: 1; text-align: center; font-weight: bold; color: #333;\">400m (4min)<\/span>\n<a style=\"flex: 1; text-align: right; text-decoration: none; color: #003768;\" href=\"https:\/\/maps.app.goo.gl\/r2GYBXk5uNGmaSir5\">Get Directions \u2197<\/a><\/div>\n<div style=\"display: flex; justify-content: space-between; align-items: center; padding: 15px; border-bottom: 1px solid #ddd;\"><span style=\"flex: 1; text-align: left; font-weight: bold; font-style: italic; color: #003768;\">Old Town Marina<\/span>\n<span style=\"flex: 1; text-align: center; font-weight: bold; color: #333;\">400m (4min)<\/span>\n<a style=\"flex: 1; text-align: right; text-decoration: none; color: #003768;\" href=\"https:\/\/maps.app.goo.gl\/JnRsbsiXDWu8f8nbA\">Get Directions \u2197<\/a><\/div>\n<div style=\"display: flex; justify-content: space-between; align-items: center; padding: 15px; border-bottom: 1px solid #ddd;\"><span style=\"flex: 1; text-align: left; font-weight: bold; font-style: italic; color: #003768;\">Hadrian&#8217;s Gate<\/span>\n<span style=\"flex: 1; text-align: center; font-weight: bold; color: #333;\">500m (8min)<\/span>\n<a style=\"flex: 1; text-align: right; text-decoration: none; color: #003768;\" href=\"https:\/\/maps.app.goo.gl\/hAPFUxn2DJbRpHHq6\">Get Directions \u2197<\/a><\/div>\n<div style=\"display: flex; justify-content: space-between; align-items: center; padding: 15px; border-bottom: 1px solid #ddd;\"><span style=\"flex: 1; text-align: left; font-weight: bold; font-style: italic; color: #003768;\">Karaalio\u011flu Park<\/span>\n<span style=\"flex: 1; text-align: center; font-weight: bold; color: #333;\">750m (11min)<\/span>\n<a style=\"flex: 1; text-align: right; text-decoration: none; color: #003768;\" href=\"https:\/\/maps.app.goo.gl\/sSCy6obrXtntcrZX8\">Get Directions \u2197<\/a><\/div>\n<div style=\"display: flex; justify-content: space-between; align-items: center; padding: 15px; border-bottom: 1px solid #ddd;\"><span style=\"flex: 1; text-align: left; font-weight: bold; font-style: italic; color: #003768;\">Suna &#038; \u0130nan K\u0131ra\u00e7 Museum<\/span>\n<span style=\"flex: 1; text-align: center; font-weight: bold; color: #333;\">350m (6min)<\/span>\n<a style=\"flex: 1; text-align: right; text-decoration: none; color: #003768;\" href=\"https:\/\/maps.app.goo.gl\/ogSd2fzQ5WcDVtdDA\">Get Directions \u2197<\/a><\/div>\n<div style=\"display: flex; justify-content: space-between; align-items: center; padding: 15px; border-bottom: 1px solid #ddd;\"><span style=\"flex: 1; text-align: left; font-weight: bold; font-style: italic; color: #003768;\">Toy Museum<\/span>\n<span style=\"flex: 1; text-align: center; font-weight: bold; color: #333;\">400m (5min)<\/span>\n<a style=\"flex: 1; text-align: right; text-decoration: none; color: #003768;\" href=\"https:\/\/maps.app.goo.gl\/xgJXxpNvCCiNszJA9\">Get Directions \u2197<\/a><\/div>\n<div style=\"display: flex; justify-content: space-between; align-items: center; padding: 15px; border-bottom: 1px solid #ddd;\"><span style=\"flex: 1; text-align: left; font-weight: bold; font-style: italic; color: #003768;\">Broken Minaret<\/span>\n<span style=\"flex: 1; text-align: center; font-weight: bold; color: #333;\">350m (5min)<\/span>\n<a style=\"flex: 1; text-align: right; text-decoration: none; color: #003768;\" href=\"https:\/\/maps.app.goo.gl\/mbWoxYN38QXHFwUaA\">Get Directions \u2197<\/a><\/div>\n<div style=\"display: flex; justify-content: space-between; align-items: center; padding: 15px; border-bottom: 1px solid #ddd;\"><span style=\"flex: 1; text-align: left; font-weight: bold; font-style: italic; color: #003768;\">H\u0131d\u0131rl\u0131k Tower<\/span>\n<span style=\"flex: 1; text-align: center; font-weight: bold; color: #333;\">600m (8min)<\/span>\n<a style=\"flex: 1; text-align: right; text-decoration: none; color: #003768;\" href=\"https:\/\/maps.app.goo.gl\/3F87WzbzERP539fr6\">Get Directions \u2197<\/a><\/div>\n<div style=\"display: flex; justify-content: space-between; align-items: center; padding: 15px; border-bottom: 1px solid #ddd;\"><span style=\"flex: 1; text-align: left; font-weight: bold; font-style: italic; color: #003768;\">Mevlevihane Museum<\/span>\n<span style=\"flex: 1; text-align: center; font-weight: bold; color: #333;\">400m (6min)<\/span>\n<a style=\"flex: 1; text-align: right; text-decoration: none; color: #003768;\" href=\"https:\/\/maps.app.goo.gl\/zozp9eX3tkSLpyyr9\">Get Directions \u2197<\/a><\/div>\n<div style=\"display: flex; justify-content: space-between; align-items: center; padding: 15px; border-bottom: 1px solid #ddd;\"><span style=\"flex: 1; text-align: left; font-weight: bold; font-style: italic; color: #003768;\">Shehzade Korkut Mosque<\/span>\n<span style=\"flex: 1; text-align: center; font-weight: bold; color: #333;\">350m (5min)<\/span>\n<a style=\"flex: 1; text-align: right; text-decoration: none; color: #003768;\" href=\"https:\/\/maps.app.goo.gl\/oSX9zdN6Zj8QMsGX8\">Get Directions \u2197<\/a><\/div>\n<div style=\"display: flex; justify-content: space-between; align-items: center; padding: 15px; border-bottom: 1px solid #ddd;\"><span style=\"flex: 1; text-align: left; font-weight: bold; font-style: italic; color: #003768;\">Clock Tower<\/span>\n<span style=\"flex: 1; text-align: center; font-weight: bold; color: #333;\">300m (5min)<\/span>\n<a style=\"flex: 1; text-align: right; text-decoration: none; color: #003768;\" href=\"https:\/\/maps.app.goo.gl\/JHZgsCF7obfzdLdRA\">Get Directions \u2197<\/a><\/div>\n<div style=\"display: flex; justify-content: space-between; align-items: center; padding: 15px; border-bottom: 1px solid #ddd;\"><span style=\"flex: 1; text-align: left; font-weight: bold; font-style: italic; color: #003768;\">Yivli Minare (Fluted Minaret)<\/span>\n<span style=\"flex: 1; text-align: center; font-weight: bold; color: #333;\">400m (6min)<\/span>\n<a style=\"flex: 1; text-align: right; text-decoration: none; color: #003768;\" href=\"https:\/\/maps.app.goo.gl\/cfxxUbhd7n4iY75n7\">Get Directions \u2197<\/a><\/div>\n<div style=\"display: flex; justify-content: space-between; align-items: center; padding: 15px; border-bottom: 1px solid #ddd;\"><span style=\"flex: 1; text-align: left; font-weight: bold; font-style: italic; color: #003768;\">Boat Tours<\/span>\n<span style=\"flex: 1; text-align: center; font-weight: bold; color: #333;\">400m (6min)<\/span>\n<a style=\"flex: 1; text-align: right; text-decoration: none; color: #003768;\" href=\"https:\/\/maps.app.goo.gl\/JnRsbsiXDWu8f8nbA\">Get Directions \u2197<\/a><\/div>\n<div style=\"display: flex; justify-content: space-between; align-items: center; padding: 15px; border-bottom: 1px solid #ddd;\"><span style=\"flex: 1; text-align: left; font-weight: bold; font-style: italic; color: #003768;\">Marine Biology Museum<\/span>\n<span style=\"flex: 1; text-align: center; font-weight: bold; color: #333;\">300m (5min)<\/span>\n<a style=\"flex: 1; text-align: right; text-decoration: none; color: #003768;\" href=\"https:\/\/maps.app.goo.gl\/ezn7FuNH2BN4miE98\">Get Directions \u2197<\/a><\/div>\n<div style=\"display: flex; justify-content: space-between; align-items: center; padding: 15px;\"><span style=\"flex: 1; text-align: left; font-weight: bold; font-style: italic; color: #003768;\">Ethnography Museum<\/span>\n<span style=\"flex: 1; text-align: center; font-weight: bold; color: #333;\">270m (4min)<\/span>\n<a style=\"flex: 1; text-align: right; text-decoration: none; color: #003768;\" href=\"https:\/\/maps.app.goo.gl\/HTcC9tYVTWb18XpVA\">Get Directions \u2197<\/a><\/div>\n<div style=\"display: flex; justify-content: space-between; align-items: center; padding: 15px;\"><span style=\"flex: 1; text-align: left; font-weight: bold; font-style: italic; color: #003768;\">Atat\u00fcrk House &#038; Museum<\/span>\n<span style=\"flex: 1; text-align: center; font-weight: bold; color: #333;\">600m (8min)<\/span>\n<a style=\"flex: 1; text-align: right; text-decoration: none; color: #003768;\" href=\"https:\/\/maps.app.goo.gl\/qq4Xoy45sMNsJCbw5\">Get Directions \u2197<\/a><\/div>\n<\/div>\t\t\t\t\t\t\t\t<\/div>\n\t\t\t\t<\/div>\n\t\t\t\t\t<\/div>\n\t\t<\/div>\n\t\t\t\t\t<\/div>\n\t\t<\/section>\n\t\t\t\t<\/div>\n\t\t","protected":false},"excerpt":{"rendered":"<p>What\u2019s Around Us? Travel, Explore, and Have Fun! Kalei\u00e7i is surrounded by horseshoe-shaped inner and outer walls, a large part of which has been destroyed and lost over time. These [&hellip;]<\/p>\n","protected":false},"author":1,"featured_media":0,"parent":0,"menu_order":0,"comment_status":"closed","ping_status":"closed","template":"","meta":{"footnotes":""},"class_list":["post-41","page","type-page","status-publish","hentry"],"_links":{"self":[{"href":"https:\/\/moreakaleici.com\/en\/wp-json\/wp\/v2\/pages\/41","targetHints":{"allow":["GET"]}}],"collection":[{"href":"https:\/\/moreakaleici.com\/en\/wp-json\/wp\/v2\/pages"}],"about":[{"href":"https:\/\/moreakaleici.com\/en\/wp-json\/wp\/v2\/types\/page"}],"author":[{"embeddable":true,"href":"https:\/\/moreakaleici.com\/en\/wp-json\/wp\/v2\/users\/1"}],"replies":[{"embeddable":true,"href":"https:\/\/moreakaleici.com\/en\/wp-json\/wp\/v2\/comments?post=41"}],"version-history":[{"count":6,"href":"https:\/\/moreakaleici.com\/en\/wp-json\/wp\/v2\/pages\/41\/revisions"}],"predecessor-version":[{"id":1074,"href":"https:\/\/moreakaleici.com\/en\/wp-json\/wp\/v2\/pages\/41\/revisions\/1074"}],"wp:attachment":[{"href":"https:\/\/moreakaleici.com\/en\/wp-json\/wp\/v2\/media?parent=41"}],"curies":[{"name":"wp","href":"https:\/\/api.w.org\/{rel}","templated":true}]}}