{"id":35,"date":"2022-12-19T02:31:46","date_gmt":"2022-12-19T02:31:46","guid":{"rendered":"https:\/\/gaviaspreview.com\/wp\/boliin\/?page_id=35"},"modified":"2025-02-22T17:04:06","modified_gmt":"2025-02-22T14:04:06","slug":"odalarimiz","status":"publish","type":"page","link":"https:\/\/moreakaleici.com\/en\/odalarimiz\/","title":{"rendered":"Odalar\u0131m\u0131z"},"content":{"rendered":"\t\t<div data-elementor-type=\"wp-page\" data-elementor-id=\"35\" class=\"elementor elementor-35\">\n\t\t\t\t\t\t<section class=\"elementor-section elementor-top-section elementor-element elementor-element-0106a97 elementor-section-boxed elementor-section-height-default elementor-section-height-default\" data-id=\"0106a97\" data-element_type=\"section\">\n\t\t\t\t\t\t<div class=\"elementor-container elementor-column-gap-default\">\n\t\t\t\t\t<div class=\"elementor-column elementor-col-100 elementor-top-column elementor-element elementor-element-02f0355\" data-id=\"02f0355\" data-element_type=\"column\">\n\t\t\t<div class=\"elementor-widget-wrap elementor-element-populated\">\n\t\t\t\t\t\t<div class=\"elementor-element elementor-element-aa2d185 elementor-widget elementor-widget-gva_ba_search_results\" data-id=\"aa2d185\" data-element_type=\"widget\" data-widget_type=\"gva_ba_search_results.default\">\n\t\t\t\t<div class=\"elementor-widget-container\">\n\t\t\t\t\t<div class=\"gva-element-gva_ba_search_results gva-element\">\t\t\t\t<div class=\"babe_search_results\">\r\n\t            <div class=\"babe_search_results_filters\">\r\n\t\t\t\t\t\t\r\n\t\t\t\t\t\t<div class=\"filter-sort\"><span>Sort by<\/span><div class=\"input_select_field input_select_field_sr_sort_by \" data-name=\"sr_sort_by\"  tabindex=\"0\">\n\t\t\t\t\t\t\t<div class=\"input_select_sort\"><i class=\"fa fa-sort-alpha-down\"><\/i>\n\n                              <input type=\"hidden\" class=\"input_select_input_value\" name=\"sr_sort_by\"  value=\"title_desc\">\n                             <\/div>\t\n\t\t\t\t\t\t<\/div>\n\t\t\t\t\t\n\t\t\t\t\t\t<div class=\"input_select_field input_select_field_sr_sort_by \" data-name=\"sr_sort_by\"  tabindex=\"0\">\n\t\t\t\t\t\t\t<div class=\"input_select_title\">\n                                \n                                <div class=\"input_select_wrapper\">\n                                  <input type=\"text\" class=\"input_select_input\" name=\"sr_sort_by_label\"  value=\"Ba\u015fl\u0131k\">\n                                  <input type=\"hidden\" class=\"input_select_input_value\" name=\"sr_sort_by\"  value=\"title_asc\">\n                                  <ul class=\"input_select_list\">\n                <li class=\"term_item term_item_selected\" data-id=\"title_asc\" data-value=\"Ba\u015fl\u0131k\">Ba\u015fl\u0131k<\/li><li class=\"term_item\" data-id=\"price_asc\" data-value=\"Fiyat\">Fiyat<\/li><li class=\"term_item\" data-id=\"rating_asc\" data-value=\"Derecelendirme\">Derecelendirme<\/li><li class=\"term_item\" data-id=\"avdatefrom_asc\" data-value=\"Uygunluk tarihi\">Uygunluk tarihi<\/li>\n            <\/ul>\n                                  <i class=\"fas fa-chevron-down\"><\/i>\n                                <\/div>\n                             <\/div>\t\n\t\t\t\t\t\t<\/div>\n\t\t\t\t\t<\/div>\t            <\/div>\r\n\r\n               \r\n               <div class=\"lg-block-grid-2 md-block-grid-2 sm-block-grid-2 xs-block-grid-2 xx-block-grid-1\">\r\n\r\n\t\t\t\t\t\t<div class=\"item-columns\">\r\n<div class=\"booking-two__single ba-block-item\">\r\n\t<div class=\"booking-two__wrap\">\r\n\t\t<div class=\"booking-two__image\">\r\n\t\t\t\t\t\t\t<img decoding=\"async\" src=\"https:\/\/moreakaleici.com\/en\/wp-content\/uploads\/2025\/02\/single-03.jpg\" alt=\"Economy Single Room\">\r\n\t\t\t\r\n\t\t\t\t\t<div class=\"wishlist-icon\">\r\n\t\t\t<a href=\"#\" data-post_id=\"643\" class=\"ajax-wishlist-link wishlist-add\" title=\"Wishlist\">\r\n\t\t\t\t<i class=\"icon far fa-heart\"><\/i>\r\n\t\t\t\t\t\t\t<\/a>\r\n\t \t<\/div> \r\n\t\r\n\t  \t<\/div>\r\n\r\n\t\t<div class=\"booking-two__content\">\r\n\t\t\t<div class=\"booking-two__content-inner\">\r\n\t\t\t\t<div class=\"booking-two__media booking__media\">\t\t\t                     <a class=\"ba-gallery\" href=\"https:\/\/moreakaleici.com\/en\/wp-content\/uploads\/2025\/02\/single-01.jpg\" data-elementor-lightbox-slideshow=\"2077555400\">\r\n\t\t\t                        <i class=\"bicon-camera-1\"><\/i><span>3<\/span>\t\t\t                     <\/a>\r\n\t\t\t                  \t\t\t                     <a class=\"hidden\" href=\"https:\/\/moreakaleici.com\/en\/wp-content\/uploads\/2025\/02\/single.jpg\" data-elementor-lightbox-slideshow=\"2077555400\">\r\n\t\t\t                        \t\t\t                     <\/a>\r\n\t\t\t                  \t\t\t                     <a class=\"hidden\" href=\"https:\/\/moreakaleici.com\/en\/wp-content\/uploads\/2025\/02\/single-02.jpg\" data-elementor-lightbox-slideshow=\"2077555400\">\r\n\t\t\t                        \t\t\t                     <\/a>\r\n\t\t\t                  <a class=\"booking-two__video popup-video\" href=\"https:\/\/www.youtube.com\/watch?v=MtCMtC50gwY\"><i class=\"bicon-video-camera\"><\/i><\/a><\/div>\t\t\t\t<div class=\"booking-two__meta\">\r\n\t\t\t\t\t<div class=\"booking-two__meta-left\">\r\n\t\t\t\t\t\t<label>Room Size:<\/label><span class=\"booking-two__item-area booking-two__item-meta\">10m\u00b2<\/span>\t\t\t\t\t<\/div>\r\n\t\t\t\t\t<div class=\"booking-two__meta-right\">\r\n\t\t\t\t\t\t<label>Number of Guests:<\/label><span class=\"booking-two__item-user booking-two__item-meta\">1<\/span>\t\t\t\t\t<\/div>\t\r\n\t\t\t\t<\/div>\r\n\t\t\t\t<div class=\"booking__rating\"><\/div>\t\t\t\t<h3 class=\"booking-two__title\">\r\n\t\t\t\t\t<a href=\"https:\/\/moreakaleici.com\/en\/booking\/ekonomi-single-room\/\">Economy Single Room<\/a>\r\n\t\t\t\t<\/h3>  \r\n\t\t\t\t\t\t\t<\/div>\r\n\t\t<\/div>\r\n\t<\/div>\r\n<\/div><\/div><div class=\"item-columns\">\r\n<div class=\"booking-two__single ba-block-item\">\r\n\t<div class=\"booking-two__wrap\">\r\n\t\t<div class=\"booking-two__image\">\r\n\t\t\t\t\t\t\t<img decoding=\"async\" src=\"https:\/\/moreakaleici.com\/en\/wp-content\/uploads\/2025\/02\/double-standart.jpg\" alt=\"Standart Double Room\">\r\n\t\t\t\r\n\t\t\t\t\t<div class=\"wishlist-icon\">\r\n\t\t\t<a href=\"#\" data-post_id=\"743\" class=\"ajax-wishlist-link wishlist-add\" title=\"Wishlist\">\r\n\t\t\t\t<i class=\"icon far fa-heart\"><\/i>\r\n\t\t\t\t\t\t\t<\/a>\r\n\t \t<\/div> \r\n\t\r\n\t  \t<\/div>\r\n\r\n\t\t<div class=\"booking-two__content\">\r\n\t\t\t<div class=\"booking-two__content-inner\">\r\n\t\t\t\t<div class=\"booking-two__media booking__media\">\t\t\t                     <a class=\"ba-gallery\" href=\"https:\/\/moreakaleici.com\/en\/wp-content\/uploads\/2026\/03\/morea-kaleici-hotel-29.jpg\" data-elementor-lightbox-slideshow=\"2471183463\">\r\n\t\t\t                        <i class=\"bicon-camera-1\"><\/i><span>3<\/span>\t\t\t                     <\/a>\r\n\t\t\t                  \t\t\t                     <a class=\"hidden\" href=\"https:\/\/moreakaleici.com\/en\/wp-content\/uploads\/2025\/02\/seawiev-04.jpg\" data-elementor-lightbox-slideshow=\"2471183463\">\r\n\t\t\t                        \t\t\t                     <\/a>\r\n\t\t\t                  \t\t\t                     <a class=\"hidden\" href=\"https:\/\/moreakaleici.com\/en\/wp-content\/uploads\/2025\/02\/standart.jpg\" data-elementor-lightbox-slideshow=\"2471183463\">\r\n\t\t\t                        \t\t\t                     <\/a>\r\n\t\t\t                  <a class=\"booking-two__video popup-video\" href=\"https:\/\/moreakaleici.com\/en\/en\/wp-content\/uploads\/2025\/02\/room4.mp4\"><i class=\"bicon-video-camera\"><\/i><\/a><\/div>\t\t\t\t<div class=\"booking-two__meta\">\r\n\t\t\t\t\t<div class=\"booking-two__meta-left\">\r\n\t\t\t\t\t\t<label>Room Size:<\/label><span class=\"booking-two__item-area booking-two__item-meta\">13m\u00b2<\/span>\t\t\t\t\t<\/div>\r\n\t\t\t\t\t<div class=\"booking-two__meta-right\">\r\n\t\t\t\t\t\t<label>Number of Guests:<\/label><span class=\"booking-two__item-user booking-two__item-meta\">2<\/span>\t\t\t\t\t<\/div>\t\r\n\t\t\t\t<\/div>\r\n\t\t\t\t<div class=\"booking__rating\"><\/div>\t\t\t\t<h3 class=\"booking-two__title\">\r\n\t\t\t\t\t<a href=\"https:\/\/moreakaleici.com\/en\/booking\/standart-double-room\/\">Standart Double Room<\/a>\r\n\t\t\t\t<\/h3>  \r\n\t\t\t\t\t\t\t<\/div>\r\n\t\t<\/div>\r\n\t<\/div>\r\n<\/div><\/div><div class=\"item-columns\">\r\n<div class=\"booking-two__single ba-block-item\">\r\n\t<div class=\"booking-two__wrap\">\r\n\t\t<div class=\"booking-two__image\">\r\n\t\t\t\t\t\t\t<img decoding=\"async\" src=\"https:\/\/moreakaleici.com\/en\/wp-content\/uploads\/2025\/02\/seaviews-02.jpg\" alt=\"Standart Double Sea View Room\">\r\n\t\t\t\r\n\t\t\t\t\t<div class=\"wishlist-icon\">\r\n\t\t\t<a href=\"#\" data-post_id=\"288\" class=\"ajax-wishlist-link wishlist-add\" title=\"Wishlist\">\r\n\t\t\t\t<i class=\"icon far fa-heart\"><\/i>\r\n\t\t\t\t\t\t\t<\/a>\r\n\t \t<\/div> \r\n\t\r\n\t  \t<\/div>\r\n\r\n\t\t<div class=\"booking-two__content\">\r\n\t\t\t<div class=\"booking-two__content-inner\">\r\n\t\t\t\t<div class=\"booking-two__media booking__media\">\t\t\t                     <a class=\"ba-gallery\" href=\"https:\/\/moreakaleici.com\/en\/wp-content\/uploads\/2025\/02\/seaview-03.jpg\" data-elementor-lightbox-slideshow=\"3468511841\">\r\n\t\t\t                        <i class=\"bicon-camera-1\"><\/i><span>5<\/span>\t\t\t                     <\/a>\r\n\t\t\t                  \t\t\t                     <a class=\"hidden\" href=\"https:\/\/moreakaleici.com\/en\/wp-content\/uploads\/2025\/02\/seawiev-04.jpg\" data-elementor-lightbox-slideshow=\"3468511841\">\r\n\t\t\t                        \t\t\t                     <\/a>\r\n\t\t\t                  \t\t\t                     <a class=\"hidden\" href=\"https:\/\/moreakaleici.com\/en\/wp-content\/uploads\/2025\/02\/seaview.jpg\" data-elementor-lightbox-slideshow=\"3468511841\">\r\n\t\t\t                        \t\t\t                     <\/a>\r\n\t\t\t                  \t\t\t                     <a class=\"hidden\" href=\"https:\/\/moreakaleici.com\/en\/wp-content\/uploads\/2025\/02\/double-standart.jpg\" data-elementor-lightbox-slideshow=\"3468511841\">\r\n\t\t\t                        \t\t\t                     <\/a>\r\n\t\t\t                  \t\t\t                     <a class=\"hidden\" href=\"https:\/\/moreakaleici.com\/en\/wp-content\/uploads\/2025\/02\/seawiev-04.jpg\" data-elementor-lightbox-slideshow=\"3468511841\">\r\n\t\t\t                        \t\t\t                     <\/a>\r\n\t\t\t                  <a class=\"booking-two__video popup-video\" href=\"https:\/\/www.youtube.com\/watch?v=MtCMtC50gwY\"><i class=\"bicon-video-camera\"><\/i><\/a><\/div>\t\t\t\t<div class=\"booking-two__meta\">\r\n\t\t\t\t\t<div class=\"booking-two__meta-left\">\r\n\t\t\t\t\t\t<label>Room Size:<\/label><span class=\"booking-two__item-area booking-two__item-meta\">18m\u00b2<\/span>\t\t\t\t\t<\/div>\r\n\t\t\t\t\t<div class=\"booking-two__meta-right\">\r\n\t\t\t\t\t\t<label>Number of Guests:<\/label><span class=\"booking-two__item-user booking-two__item-meta\">2<\/span>\t\t\t\t\t<\/div>\t\r\n\t\t\t\t<\/div>\r\n\t\t\t\t<div class=\"booking__rating\"><\/div>\t\t\t\t<h3 class=\"booking-two__title\">\r\n\t\t\t\t\t<a href=\"https:\/\/moreakaleici.com\/en\/booking\/standart-kismi-deniz-manzarali-oda\/\">Standart Double Sea View Room<\/a>\r\n\t\t\t\t<\/h3>  \r\n\t\t\t\t\t\t\t<\/div>\r\n\t\t<\/div>\r\n\t<\/div>\r\n<\/div><\/div><div class=\"item-columns\">\r\n<div class=\"booking-two__single ba-block-item\">\r\n\t<div class=\"booking-two__wrap\">\r\n\t\t<div class=\"booking-two__image\">\r\n\t\t\t\t\t\t\t<img decoding=\"async\" src=\"https:\/\/moreakaleici.com\/en\/wp-content\/uploads\/2025\/02\/doublesingle.jpg\" alt=\"Standart Twin Room\">\r\n\t\t\t\r\n\t\t\t\t\t<div class=\"wishlist-icon\">\r\n\t\t\t<a href=\"#\" data-post_id=\"642\" class=\"ajax-wishlist-link wishlist-add\" title=\"Wishlist\">\r\n\t\t\t\t<i class=\"icon far fa-heart\"><\/i>\r\n\t\t\t\t\t\t\t<\/a>\r\n\t \t<\/div> \r\n\t\r\n\t  \t<\/div>\r\n\r\n\t\t<div class=\"booking-two__content\">\r\n\t\t\t<div class=\"booking-two__content-inner\">\r\n\t\t\t\t<div class=\"booking-two__media booking__media\">\t\t\t                     <a class=\"ba-gallery\" href=\"https:\/\/moreakaleici.com\/en\/wp-content\/uploads\/2025\/02\/doublesingle-02.jpg\" data-elementor-lightbox-slideshow=\"1839335514\">\r\n\t\t\t                        <i class=\"bicon-camera-1\"><\/i><span>3<\/span>\t\t\t                     <\/a>\r\n\t\t\t                  \t\t\t                     <a class=\"hidden\" href=\"https:\/\/moreakaleici.com\/en\/wp-content\/uploads\/2025\/02\/double-9singe.jpg\" data-elementor-lightbox-slideshow=\"1839335514\">\r\n\t\t\t                        \t\t\t                     <\/a>\r\n\t\t\t                  \t\t\t                     <a class=\"hidden\" href=\"https:\/\/moreakaleici.com\/en\/wp-content\/uploads\/2025\/02\/doublesingle.jpg\" data-elementor-lightbox-slideshow=\"1839335514\">\r\n\t\t\t                        \t\t\t                     <\/a>\r\n\t\t\t                  <a class=\"booking-two__video popup-video\" href=\"https:\/\/www.youtube.com\/watch?v=MtCMtC50gwY\"><i class=\"bicon-video-camera\"><\/i><\/a><\/div>\t\t\t\t<div class=\"booking-two__meta\">\r\n\t\t\t\t\t<div class=\"booking-two__meta-left\">\r\n\t\t\t\t\t\t<label>Room Size:<\/label><span class=\"booking-two__item-area booking-two__item-meta\">13m\u00b2<\/span>\t\t\t\t\t<\/div>\r\n\t\t\t\t\t<div class=\"booking-two__meta-right\">\r\n\t\t\t\t\t\t<label>Number of Guests:<\/label><span class=\"booking-two__item-user booking-two__item-meta\">2<\/span>\t\t\t\t\t<\/div>\t\r\n\t\t\t\t<\/div>\r\n\t\t\t\t<div class=\"booking__rating\"><\/div>\t\t\t\t<h3 class=\"booking-two__title\">\r\n\t\t\t\t\t<a href=\"https:\/\/moreakaleici.com\/en\/booking\/standart-twin-room\/\">Standart Twin Room<\/a>\r\n\t\t\t\t<\/h3>  \r\n\t\t\t\t\t\t\t<\/div>\r\n\t\t<\/div>\r\n\t<\/div>\r\n<\/div><\/div>               <\/div>\r\n\r\n\t\t\t\t\t<div class=\"babe_pager\"><div class=\"babe_pager_inner\"><\/div><\/div>\r\n\t\t            <div id=\"babe_search_result_refresh\">\r\n\t\t               <i class=\"fas fa-spinner fa-spin fa-3x\"><\/i>\r\n\t\t            <\/div>\r\n\r\n\t         <\/div>\r\n\r\n\t\t\t<\/div>\t\t\t\t<\/div>\n\t\t\t\t<\/div>\n\t\t\t\t\t<\/div>\n\t\t<\/div>\n\t\t\t\t\t<\/div>\n\t\t<\/section>\n\t\t\t\t<\/div>\n\t\t","protected":false},"excerpt":{"rendered":"<p>Sort by Title Price Rating Availability date 7 Oda B\u00fcy\u00fckl\u00fc\u011f\u00fc:15m\u00b2 Ka\u00e7 Ki\u015filik:2 Standart Double\/Twin Oda 5 Oda B\u00fcy\u00fckl\u00fc\u011f\u00fc:19m\u00b2 Ka\u00e7 Ki\u015filik:2 Standart K\u0131smi Deniz Manzaral\u0131 Oda 2 Oda B\u00fcy\u00fckl\u00fc\u011f\u00fc:10m\u00b2 Ka\u00e7 Ki\u015filik:1 [&hellip;]<\/p>\n","protected":false},"author":1,"featured_media":0,"parent":0,"menu_order":0,"comment_status":"closed","ping_status":"closed","template":"","meta":{"footnotes":""},"class_list":["post-35","page","type-page","status-publish","hentry"],"_links":{"self":[{"href":"https:\/\/moreakaleici.com\/en\/wp-json\/wp\/v2\/pages\/35","targetHints":{"allow":["GET"]}}],"collection":[{"href":"https:\/\/moreakaleici.com\/en\/wp-json\/wp\/v2\/pages"}],"about":[{"href":"https:\/\/moreakaleici.com\/en\/wp-json\/wp\/v2\/types\/page"}],"author":[{"embeddable":true,"href":"https:\/\/moreakaleici.com\/en\/wp-json\/wp\/v2\/users\/1"}],"replies":[{"embeddable":true,"href":"https:\/\/moreakaleici.com\/en\/wp-json\/wp\/v2\/comments?post=35"}],"version-history":[{"count":0,"href":"https:\/\/moreakaleici.com\/en\/wp-json\/wp\/v2\/pages\/35\/revisions"}],"wp:attachment":[{"href":"https:\/\/moreakaleici.com\/en\/wp-json\/wp\/v2\/media?parent=35"}],"curies":[{"name":"wp","href":"https:\/\/api.w.org\/{rel}","templated":true}]}}