{"id":23,"date":"2022-12-19T02:29:04","date_gmt":"2022-12-19T02:29:04","guid":{"rendered":"https:\/\/gaviaspreview.com\/wp\/boliin\/?page_id=23"},"modified":"2026-03-30T21:12:19","modified_gmt":"2026-03-30T18:12:19","slug":"hakkimizda","status":"publish","type":"page","link":"https:\/\/moreakaleici.com\/en\/hakkimizda\/","title":{"rendered":"Hakk\u0131m\u0131zda"},"content":{"rendered":"\t\t<div data-elementor-type=\"wp-page\" data-elementor-id=\"23\" class=\"elementor elementor-23\">\n\t\t\t\t\t\t<section class=\"elementor-section elementor-top-section elementor-element elementor-element-e29233e elementor-section-full_width elementor-section-height-default elementor-section-height-default\" data-id=\"e29233e\" data-element_type=\"section\">\n\t\t\t\t\t\t<div class=\"elementor-container elementor-column-gap-default\">\n\t\t\t\t\t<div class=\"elementor-column elementor-col-100 elementor-top-column elementor-element elementor-element-bca5c6f\" data-id=\"bca5c6f\" data-element_type=\"column\">\n\t\t\t<div class=\"elementor-widget-wrap elementor-element-populated\">\n\t\t\t\t\t\t<div class=\"elementor-element elementor-element-103389c elementor-widget elementor-widget-gva_post_breadcrumb\" data-id=\"103389c\" data-element_type=\"widget\" data-widget_type=\"gva_post_breadcrumb.default\">\n\t\t\t\t<div class=\"elementor-widget-container\">\n\t\t\t\t\t<div class=\"gva-element-gva_post_breadcrumb gva-element\">   \r\n<div class=\"post-breadcrumb\">\r\n   <div class=\"custom-breadcrumb \" >\r\n            <div class=\"breadcrumb-main\">\r\n        <div class=\"container\">\r\n          <div class=\"breadcrumb-container-inner align-center\">\r\n            <h2 class=\"heading-title\">Hakk\u0131m\u0131zda<\/h2><ol class=\"breadcrumb\"><li><a href=\"https:\/\/moreakaleici.com\/en\">Home<\/a> <\/li> <li class=\"active\">Sayfa<\/li><\/ol>          <\/div>  \r\n        <\/div>   \r\n      <\/div>  \r\n   <\/div>\r\n<\/div>      \r\n\r\n<\/div>\t\t\t\t<\/div>\n\t\t\t\t<\/div>\n\t\t\t\t\t<\/div>\n\t\t<\/div>\n\t\t\t\t\t<\/div>\n\t\t<\/section>\n\t\t\t\t<section class=\"elementor-section elementor-top-section elementor-element elementor-element-8efa06f elementor-section-boxed elementor-section-height-default elementor-section-height-default\" data-id=\"8efa06f\" data-element_type=\"section\">\n\t\t\t\t\t\t<div class=\"elementor-container elementor-column-gap-default\">\n\t\t\t\t\t<div class=\"elementor-column elementor-col-50 elementor-top-column elementor-element elementor-element-6999210\" data-id=\"6999210\" data-element_type=\"column\">\n\t\t\t<div class=\"elementor-widget-wrap elementor-element-populated\">\n\t\t\t\t\t\t<div class=\"elementor-element elementor-element-b028ba2 elementor-widget elementor-widget-image\" data-id=\"b028ba2\" data-element_type=\"widget\" data-widget_type=\"image.default\">\n\t\t\t\t<div class=\"elementor-widget-container\">\n\t\t\t\t\t\t\t\t\t\t\t\t\t\t\t<img fetchpriority=\"high\" decoding=\"async\" width=\"1500\" height=\"1500\" src=\"https:\/\/moreakaleici.com\/en\/wp-content\/uploads\/2026\/03\/morea-kaleici-hotel-30.jpg\" class=\"attachment-full size-full wp-image-1144\" alt=\"\" srcset=\"https:\/\/moreakaleici.com\/en\/wp-content\/uploads\/2026\/03\/morea-kaleici-hotel-30.jpg 1500w, https:\/\/moreakaleici.com\/en\/wp-content\/uploads\/2026\/03\/morea-kaleici-hotel-30-1024x1024.jpg 1024w, https:\/\/moreakaleici.com\/en\/wp-content\/uploads\/2026\/03\/morea-kaleici-hotel-30-175x175.jpg 175w, https:\/\/moreakaleici.com\/en\/wp-content\/uploads\/2026\/03\/morea-kaleici-hotel-30-768x768.jpg 768w, https:\/\/moreakaleici.com\/en\/wp-content\/uploads\/2026\/03\/morea-kaleici-hotel-30-500x500.jpg 500w\" sizes=\"(max-width: 1500px) 100vw, 1500px\" \/>\t\t\t\t\t\t\t\t\t\t\t\t\t\t\t<\/div>\n\t\t\t\t<\/div>\n\t\t\t\t\t<\/div>\n\t\t<\/div>\n\t\t\t\t<div class=\"elementor-column elementor-col-50 elementor-top-column elementor-element elementor-element-3f69746\" data-id=\"3f69746\" data-element_type=\"column\">\n\t\t\t<div class=\"elementor-widget-wrap elementor-element-populated\">\n\t\t\t\t\t\t<div class=\"elementor-element elementor-element-aba9b7a elementor-widget elementor-widget-gva-heading-block\" data-id=\"aba9b7a\" data-element_type=\"widget\" data-widget_type=\"gva-heading-block.default\">\n\t\t\t\t<div class=\"elementor-widget-container\">\n\t\t\t\t\t<div class=\"gva-element-gva-heading-block gva-element\">   <div class=\"align-left style-1 widget gsc-heading box-align-left auto-responsive\">\r\n      <div class=\"content-inner\">\r\n         \r\n                  \r\n         <div class=\"sub-title\"><span class=\"tagline\">Morea Kalei\u00e7i<\/span><\/div>  \r\n         \r\n                     <h2 class=\"title\">\r\n               <span>Your Choice in Antalya!<\/span>\r\n            <\/h2>\r\n                  \r\n                     <div class=\"title-desc\">In December 2025, we were renovated in accordance with the local architecture and history. We aim to provide a pleasant accommodation experience for our valued guests. Our goal is for you to witness the nature, history, and energy of Kalei\u00e7i throughout your holiday. We believe we are the right address for your business trips, health tourism, sightseeing, and vacation experiences.<\/div>\r\n         \r\n         \r\n      <\/div>\r\n   <\/div>\r\n<\/div>\t\t\t\t<\/div>\n\t\t\t\t<\/div>\n\t\t\t\t<div class=\"elementor-element elementor-element-00f07cd elementor-icon-list--layout-traditional elementor-list-item-link-full_width elementor-widget elementor-widget-icon-list\" data-id=\"00f07cd\" data-element_type=\"widget\" data-widget_type=\"icon-list.default\">\n\t\t\t\t<div class=\"elementor-widget-container\">\n\t\t\t\t\t\t\t<ul class=\"elementor-icon-list-items\">\n\t\t\t\t\t\t\t<li class=\"elementor-icon-list-item\">\n\t\t\t\t\t\t\t\t\t\t\t<span class=\"elementor-icon-list-icon\">\n\t\t\t\t\t\t\t<i aria-hidden=\"true\" class=\"fas fa-check-circle\"><\/i>\t\t\t\t\t\t<\/span>\n\t\t\t\t\t\t\t\t\t\t<span class=\"elementor-icon-list-text\">Guests Aged 18 and Over Are Accepted.<\/span>\n\t\t\t\t\t\t\t\t\t<\/li>\n\t\t\t\t\t\t\t\t<li class=\"elementor-icon-list-item\">\n\t\t\t\t\t\t\t\t\t\t\t<span class=\"elementor-icon-list-icon\">\n\t\t\t\t\t\t\t<i aria-hidden=\"true\" class=\"fas fa-check-circle\"><\/i>\t\t\t\t\t\t<\/span>\n\t\t\t\t\t\t\t\t\t\t<span class=\"elementor-icon-list-text\">Mini Pool (Children's pool is not available.)<\/span>\n\t\t\t\t\t\t\t\t\t<\/li>\n\t\t\t\t\t\t\t\t<li class=\"elementor-icon-list-item\">\n\t\t\t\t\t\t\t\t\t\t\t<span class=\"elementor-icon-list-icon\">\n\t\t\t\t\t\t\t<i aria-hidden=\"true\" class=\"fas fa-check-circle\"><\/i>\t\t\t\t\t\t<\/span>\n\t\t\t\t\t\t\t\t\t\t<span class=\"elementor-icon-list-text\">Breakfast from Our Food Safety Certified Kitchen<\/span>\n\t\t\t\t\t\t\t\t\t<\/li>\n\t\t\t\t\t\t\t\t<li class=\"elementor-icon-list-item\">\n\t\t\t\t\t\t\t\t\t\t\t<span class=\"elementor-icon-list-icon\">\n\t\t\t\t\t\t\t<i aria-hidden=\"true\" class=\"fas fa-check-circle\"><\/i>\t\t\t\t\t\t<\/span>\n\t\t\t\t\t\t\t\t\t\t<span class=\"elementor-icon-list-text\">24\/7 Reception Service<\/span>\n\t\t\t\t\t\t\t\t\t<\/li>\n\t\t\t\t\t\t\t\t<li class=\"elementor-icon-list-item\">\n\t\t\t\t\t\t\t\t\t\t\t<span class=\"elementor-icon-list-icon\">\n\t\t\t\t\t\t\t<i aria-hidden=\"true\" class=\"fas fa-check-circle\"><\/i>\t\t\t\t\t\t<\/span>\n\t\t\t\t\t\t\t\t\t\t<span class=\"elementor-icon-list-text\">Clean and Hygienic Rooms<\/span>\n\t\t\t\t\t\t\t\t\t<\/li>\n\t\t\t\t\t\t\t\t<li class=\"elementor-icon-list-item\">\n\t\t\t\t\t\t\t\t\t\t\t<span class=\"elementor-icon-list-icon\">\n\t\t\t\t\t\t\t<i aria-hidden=\"true\" class=\"fas fa-check-circle\"><\/i>\t\t\t\t\t\t<\/span>\n\t\t\t\t\t\t\t\t\t\t<span class=\"elementor-icon-list-text\">A Historical Mansion<\/span>\n\t\t\t\t\t\t\t\t\t<\/li>\n\t\t\t\t\t\t<\/ul>\n\t\t\t\t\t\t<\/div>\n\t\t\t\t<\/div>\n\t\t\t\t<section class=\"elementor-section elementor-inner-section elementor-element elementor-element-9628ab4 elementor-section-boxed elementor-section-height-default elementor-section-height-default\" data-id=\"9628ab4\" data-element_type=\"section\">\n\t\t\t\t\t\t<div class=\"elementor-container elementor-column-gap-default\">\n\t\t\t\t\t<div class=\"elementor-column elementor-col-50 elementor-inner-column elementor-element elementor-element-704e49c\" data-id=\"704e49c\" data-element_type=\"column\">\n\t\t\t<div class=\"elementor-widget-wrap\">\n\t\t\t\t\t\t\t<\/div>\n\t\t<\/div>\n\t\t\t\t<div class=\"elementor-column elementor-col-50 elementor-inner-column elementor-element elementor-element-6173515\" data-id=\"6173515\" data-element_type=\"column\">\n\t\t\t<div class=\"elementor-widget-wrap\">\n\t\t\t\t\t\t\t<\/div>\n\t\t<\/div>\n\t\t\t\t\t<\/div>\n\t\t<\/section>\n\t\t\t\t\t<\/div>\n\t\t<\/div>\n\t\t\t\t\t<\/div>\n\t\t<\/section>\n\t\t\t\t<section class=\"elementor-section elementor-top-section elementor-element elementor-element-0455535 elementor-section-boxed elementor-section-height-default elementor-section-height-default\" data-id=\"0455535\" data-element_type=\"section\" data-settings=\"{&quot;background_background&quot;:&quot;classic&quot;}\">\n\t\t\t\t\t\t<div class=\"elementor-container elementor-column-gap-default\">\n\t\t\t\t\t<div class=\"elementor-column elementor-col-50 elementor-top-column elementor-element elementor-element-3744d9f\" data-id=\"3744d9f\" data-element_type=\"column\">\n\t\t\t<div class=\"elementor-widget-wrap elementor-element-populated\">\n\t\t\t\t\t\t<div class=\"elementor-element elementor-element-0822687 elementor-widget elementor-widget-gva-image-content\" data-id=\"0822687\" data-element_type=\"widget\" data-widget_type=\"gva-image-content.default\">\n\t\t\t\t<div class=\"elementor-widget-container\">\n\t\t\t\t\t<div class=\"gva-element-gva-image-content gva-element\">\t\t\r\n\t  \r\n\t \r\n\r\n\t \r\n\r\n\t\t\t<div class=\"about-three__single\">\r\n\t\t  \t<div class=\"about-three__image\"><div class=\"content-inner\">\t\t  <a href=\"#\">\r\n\t\t\t <img decoding=\"async\" src=\"https:\/\/moreakaleici.com\/en\/wp-content\/uploads\/2026\/03\/morea-kaleici-03.jpg\" alt=\"\" \/>\t\t  <\/a>\r\n\t\t  <\/div><\/div><div class=\"about-three__image-second\"><div class=\"content-inner\">\t\t  <a href=\"#\">\r\n\t\t\t <img decoding=\"async\" src=\"https:\/\/moreakaleici.com\/en\/wp-content\/uploads\/2026\/03\/morea-kaleici-04.jpg\" alt=\"\" \/>\t\t  <\/a>\r\n\t\t  <\/div><\/div>\t\t<\/div>\r\n\t\r\n\t \r\n  \r\n \r\n\r\n\r\n <\/div>\t\t\t\t<\/div>\n\t\t\t\t<\/div>\n\t\t\t\t\t<\/div>\n\t\t<\/div>\n\t\t\t\t<div class=\"elementor-column elementor-col-50 elementor-top-column elementor-element elementor-element-adb6dd2\" data-id=\"adb6dd2\" data-element_type=\"column\">\n\t\t\t<div class=\"elementor-widget-wrap elementor-element-populated\">\n\t\t\t\t\t\t<div class=\"elementor-element elementor-element-e706f1b elementor-widget__width-initial elementor-widget elementor-widget-text-editor\" data-id=\"e706f1b\" data-element_type=\"widget\" data-widget_type=\"text-editor.default\">\n\t\t\t\t<div class=\"elementor-widget-container\">\n\t\t\t\t\t\t\t\t\t<p style=\"text-align: justify;\">The Living Legacy of an Ottoman Mansion: Rising in Antalya&#8217;s history-scented Sel\u00e7uk Neighborhood with the aesthetic sensibility of the 19th century, this structure is not just a hotel, but a part of a life story built on Ottoman grace, privacy, and etiquette. Meticulously restored in December 2025 while remaining faithful to its original form, Morea invites you to become a protagonist in this ancient tale.<\/p>\n<p style=\"text-align: justify;\">The Story of the Threshold: Selaml\u0131k and Haremlik: The two separate doors on the mansion&#8217;s facade are symbols of the renowned elegance in Ottoman social life. In the dignified days of the past, gentlemen were welcomed through the Selaml\u0131k door, which opened to the house&#8217;s social and commercial world, while ladies stepped into mansion life through the Haremlik door, the family&#8217;s realm of peace and privacy. These two doors were the first stop of the house&#8217;s internal order and the respect shown to the guest.<\/p>\n<p style=\"text-align: justify;\">Tracing Mastery: Woodwork and Windows: When you look at Morea&#8217;s windows, what you see is not just glass inviting the outside world in. The frames of these windows are a craft legacy, created by the hands of the period&#8217;s most master carpenters, worked with patience and art. Designed to filter light peacefully, these frames carry the warmth of wood to every corner of the room. The asymmetrical structure of our rooms is no coincidence; it is the most noble indication that each room was specially designed for a different need, a different story, and a different guest.<\/p>\n<p style=\"text-align: justify;\">The Hidden Heart of the Mansion: Paths to the Courtyard: The courtyard, called &#8220;Hayat&#8221; (Life) in Ottoman architecture, is a hidden oasis tucked inside the building, completely isolated from the outside world. This spacious courtyard of Morea is reached from three different points reflecting the building&#8217;s soul: the grand main entrance, a cozy side entrance, and the rear entrance protecting the house&#8217;s privacy. These paths, reached by drifting through the building, connect you directly to the heart of the mansion while making you feel the nobility of history with every step. Revitalized with the December 2025 restoration, Morea Kalei\u00e7i awaits to host you by blending these deep stories of the past with the comfort of today.<\/p>\t\t\t\t\t\t\t\t<\/div>\n\t\t\t\t<\/div>\n\t\t\t\t\t<\/div>\n\t\t<\/div>\n\t\t\t\t\t<\/div>\n\t\t<\/section>\n\t\t\t\t<\/div>\n\t\t","protected":false},"excerpt":{"rendered":"<p>Hakk\u0131m\u0131zda Home Sayfa Morea Kalei\u00e7i Your Choice in Antalya! In December 2025, we were renovated in accordance with the local architecture and history. We aim to provide a pleasant accommodation [&hellip;]<\/p>\n","protected":false},"author":1,"featured_media":0,"parent":0,"menu_order":0,"comment_status":"closed","ping_status":"closed","template":"","meta":{"footnotes":""},"class_list":["post-23","page","type-page","status-publish","hentry"],"_links":{"self":[{"href":"https:\/\/moreakaleici.com\/en\/wp-json\/wp\/v2\/pages\/23","targetHints":{"allow":["GET"]}}],"collection":[{"href":"https:\/\/moreakaleici.com\/en\/wp-json\/wp\/v2\/pages"}],"about":[{"href":"https:\/\/moreakaleici.com\/en\/wp-json\/wp\/v2\/types\/page"}],"author":[{"embeddable":true,"href":"https:\/\/moreakaleici.com\/en\/wp-json\/wp\/v2\/users\/1"}],"replies":[{"embeddable":true,"href":"https:\/\/moreakaleici.com\/en\/wp-json\/wp\/v2\/comments?post=23"}],"version-history":[{"count":48,"href":"https:\/\/moreakaleici.com\/en\/wp-json\/wp\/v2\/pages\/23\/revisions"}],"predecessor-version":[{"id":1150,"href":"https:\/\/moreakaleici.com\/en\/wp-json\/wp\/v2\/pages\/23\/revisions\/1150"}],"wp:attachment":[{"href":"https:\/\/moreakaleici.com\/en\/wp-json\/wp\/v2\/media?parent=23"}],"curies":[{"name":"wp","href":"https:\/\/api.w.org\/{rel}","templated":true}]}}